{"id":2,"date":"2025-09-11T09:28:54","date_gmt":"2025-09-11T09:28:54","guid":{"rendered":"https:\/\/mira-maria.fi\/?page_id=2"},"modified":"2025-11-13T19:38:44","modified_gmt":"2025-11-13T16:38:44","slug":"sample-page","status":"publish","type":"page","link":"https:\/\/mira-maria.fi\/","title":{"rendered":"Etusivu"},"content":{"rendered":"<p><a href=\"#Viihdehedelm\u00e4t\"> Viihdehedelm\u00e4t <\/a><br \/>\n<a href=\"#LA CHANSON POUR TOI \u2013 LAULU SINULLE -KONSERTTI\"> LA CHANSON POUR TOI \u2013 LAULU SINULLE -KONSERTTI <\/a><br \/>\n<a href=\"#Jouluinen hedelm\u00e4salaatti\"> Jouluinen hedelm\u00e4salaatti <\/a><br \/>\n<a href=\"#\u00c4\u00e4nin\u00e4yttelij\u00e4 Mira-Maria Kuudanpaiste\"> \u00c4\u00e4nin\u00e4yttelij\u00e4 Mira-Maria Kuudanpaiste <\/a><br \/>\n<a href=\"#Levyni Sinivalkoinen Laulu\"> Levyni Sinivalkoinen laulu <\/a><\/p>\n<h2> Helisev\u00e4 heippis sinulle! <\/h2>\n<p style=\"text-align: center;\">\n  <img decoding=\"async\" src=\"https:\/\/mira-maria.fi\/wp-content\/uploads\/2025\/11\/Mira-Maria.jpg\" alt=\"Mira-Maria huilua soittamassa\" \/>\n<\/p>\n<p> Toivon, ett\u00e4 viihdyt mira-maria.fi-verkkosivuillani. <\/p>\n<p> Laulu on el\u00e4m\u00e4ni. Sen tulet huomaamaan t\u00e4m\u00e4n sivun sis\u00e4ll\u00f6st\u00e4.<br \/>\nL\u00f6yd\u00e4t tietoa Mariannen ja minun Viihdehedelm\u00e4t-duosta ja videolinkkej\u00e4 meid\u00e4n esityksiin. Kerron my\u00f6s \u201dSinivalkoinen laulu\u201d -levyst\u00e4ni, jonka sain tehd\u00e4 Taisto Wesslinin kanssa vuonna 2001. <\/p>\n<p> My\u00f6s \u00e4\u00e4nin\u00e4ytteleminen ja \u00e4\u00e4neenlukeminen on l\u00e4hell\u00e4 syd\u00e4nt\u00e4ni.<br \/>\n\u00c4\u00e4nen, musiikin ja tarinoiden kanssa haluan tehd\u00e4 ty\u00f6t\u00e4ni ja jakaa niiden kautta iloa muille kanssakulkijoille. <\/p>\n<p> Tervetuloa matkalle laulun, s\u00e4velten ja tarinoiden py\u00f6rteisiin!<br \/>\nToivoo Mira-Maria. <\/p>\n<h3 id=\"Viihdehedelm\u00e4t\"> Haluaisitko Viihdehedelm\u00e4t tuomaan s\u00e4veli\u00e4 juhlaasi tai tilaisuuteesi? <\/h3>\n<p> Olemme siis Viihdehedelm\u00e4t ja t\u00e4ss\u00e4 esittely\u00e4 meist\u00e4. <\/p>\n<p> Viihdehedelm\u00e4t on kahden reippaan ja kuplivan naisen duo. Toinen Hedelmist\u00e4 pit\u00e4\u00e4 majaansa Helsingiss\u00e4 ja toinen Jyv\u00e4skyl\u00e4ss\u00e4. <\/p>\n<p> Mira-Maria Kuudanpaisteen k\u00e4siss\u00e4 poikkihuilu soi kes\u00e4isen hedelm\u00e4isesti, ja laulu antaa tunnelmallisen herk\u00e4n tai mahtipontisen tulkinnan kappaleesta riippuen. Marianne N\u00e4r\u00e4nen helisytt\u00e4\u00e4 ja kilisytt\u00e4\u00e4 koskettimia v\u00e4lill\u00e4 bassot moukuen ja my\u00f6s laulaa. Viihdehedelmien yhteinen keikkataival alkoi vuonna 2013. <\/p>\n<p> Ohjelmistomme on laaja sis\u00e4lt\u00e4en esimerkiksi lastenlauluja, hengellisi\u00e4 lauluja, chansoneja, iskelmi\u00e4 ja Leevi and the Leavingsin musiikkia. Meill\u00e4 on my\u00f6s valmiita konsertteja, kuten Leevi and the leavings-lauluiset Enkelinh\u00f6yheni\u00e4 ikkunalaudalla ja Ihanasti sanottu-konsertit ja erilaisista lauluista koostuvia konsertteja. T\u00e4llaisia ovat esimerkiksi Tunnelmasalaatti- ja Viihdehedelm\u00e4t Raparperitaivaan alla -nimiset konsertit, joissa on vaikka mit\u00e4 maukkaita musiikkimakupaloja. <\/p>\n<p> Kuulijat ovat saaneet kuplivia ja muunkinlaisia el\u00e4myksi\u00e4 monenlaisissa tilaisuuksissa ja paikoissa kirkosta ravintolaan. Yhdistystenkin tilaisuuksissa on laulu helkkynyt ja soitto soinut.<br \/>\nTulemme eritt\u00e4in mielell\u00e4mme tuomaan maukkaita musiikkihedelm\u00e4palasia teid\u00e4nkin tilaisuuksiinne. Voimme ly\u00f6d\u00e4 viisaat p\u00e4\u00e4mme yhteen ja pohtia kanssanne, millainen musiikkiannos tilaisuuteenne sopisi. Esimerkiksi tunnin konsertti maksaa 400 euroa + mahdolliset matkakulut. <\/p>\n<p> Jos tuli vesi kielelle tai haluat tiet\u00e4\u00e4 lis\u00e4\u00e4, ota meihin yhteytt\u00e4. K\u00e4y my\u00f6s katsomassa ja kuulemassa lis\u00e4\u00e4 Mira-Maria Kuudanpaisteen FaceBook-sivuilla ja Marianne N\u00e4r\u00e4sen nettisivuilla osoitteessa www.savelsilmukat.fi <\/p>\n<p> Ja t\u00e4ss\u00e4 pari linkki\u00e4 maistiaisiksi: <\/p>\n<p><a href=\"https:\/\/www.youtube.com\/watch?v=RoZx_tF06pQ&#038;list=RDRoZx_tF06pQ&#038;start_radio=1\"> Mira-Maria Kuudanpaiste &#038; Marianne N\u00e4r\u00e4nen SHOWREEL &#8211; YouTube <\/a><\/p>\n<p><a href=\"https:\/\/www.youtube.com\/watch?v=K1UKvrUXyvM\"> Leevi and the Leavings &#8211; Enkelinh\u00f6yheni\u00e4 ikkunalaudalla YouTube <\/a><\/p>\n<h4> Yhteystietomme ovat: <\/h4>\n<p> Marianne N\u00e4r\u00e4nen<br \/>\nS-posti.<br \/>\nmarianne.k.naranen(at)gmail.com<br \/>\np. 0505724543 <\/p>\n<p> Mira-Maria Kuudanpaiste<br \/>\nS-posti:<br \/>\nmm.huiski(at)gmail.com<br \/>\np. 0500970050 <\/p>\n<p> Helk\u00e4htelevin terveisin Viihdehedelm\u00e4t <\/p>\n<h3 id=\"LA CHANSON POUR TOI \u2013 LAULU SINULLE -KONSERTTI\"> LA CHANSON POUR TOI &#8211; LAULU SINULLE -KONSERTTI <\/h3>\n<p> Olemme Viihdehedelm\u00e4t, kahden reippaan ja kuplivan naisen duo. Toinen Hedelmist\u00e4 pit\u00e4\u00e4 majaansa Helsingiss\u00e4 ja toinen Jyv\u00e4skyl\u00e4ss\u00e4. <\/p>\n<p> Mira-Maria Kuudanpaisteen k\u00e4siss\u00e4 poikkihuilu soi kes\u00e4isen hedelm\u00e4isesti, ja laulu antaa tunnelmallisen herk\u00e4n tai mahtipontisen tulkinnan kappaleesta riippuen. Marianne N\u00e4r\u00e4nen helisytt\u00e4\u00e4 ja kilisytt\u00e4\u00e4 koskettimia v\u00e4lill\u00e4 bassot moukuen ja my\u00f6s laulaa. Viihdehedelmien yhteinen keikkataival alkoi vuonna 2013. <\/p>\n<p> Edith Piaf syntyi 19.12.1915. T\u00e4m\u00e4n 110-vuotissyntym\u00e4p\u00e4iv\u00e4n kunniaksi me Viihdehedelm\u00e4t olemme koonneet konsertin \u201dLa chanson pour toi &#8211; Laulu sinulle\u201d. T\u00e4ss\u00e4 konsertissa yleis\u00f6 p\u00e4\u00e4see nauttimaan niin ranskalaisista chansoneista kuin my\u00f6s suomalaisista chanson-tyylisist\u00e4 lauluista. <\/p>\n<p> Chanson-konsertti sopii hyvin esimerkiksi syntym\u00e4p\u00e4iv\u00e4juhliin ja valmistujaisiin, joissa olemmekin jo niit\u00e4 esitt\u00e4neet. <\/p>\n<p> Tunnin chanson-herkkukorikonsertista p\u00e4\u00e4set nauttimaan 400 eurolla ja puolen tunnin 200 eurolla + mahdolliset matkakulut. <\/p>\n<p> T\u00e4ss\u00e4 hieman chanson-tunnelmaa:<br \/>\n<a href=\"https:\/\/www.savelsilmukat.fi\/wp-content\/uploads\/2024\/10\/Non-je-ne-regrette-rien.mp4\"> Non, je ne regrette rien <\/a><\/p>\n<p><a href=\"https:\/\/www.youtube.com\/watch?v=xzDeOwhTyLM\"> Ja Hymni rakkaudelle<\/a> <\/p>\n<p> Jos tuli vesi kielelle tai haluat tiet\u00e4\u00e4 lis\u00e4\u00e4 esim. konserttikokonaisuuksista ja niiden hinnoista, ota meihin yhteytt\u00e4. <\/p>\n<h4> Yhteystietomme ovat: <\/h4>\n<p> Marianne N\u00e4r\u00e4nen<br \/>\nS-posti.<br \/>\nmarianne.k.naranen(at)gmail.com<br \/>\np. 0505724543 <\/p>\n<p> Mira-Maria Kuudanpaiste<br \/>\nS-posti:<br \/>\nmm.huiski(at)gmail.com<br \/>\np. 0500970050 <\/p>\n<p> K\u00e4y my\u00f6s katsomassa ja kuulemassa lis\u00e4\u00e4 Mira-Maria Kuudanpaisteen FaceBook-sivuilla<\/p>\n<p><a href=\"https:\/\/www.facebook.com\/profile.php?id=100093042987471\"> Mira-Maria Kuudanpaiste, muusikko <\/a><\/p>\n<p>ja Marianne N\u00e4r\u00e4sen nettisivuilla osoitteessa<\/p>\n<p><a href=\"www.savelsilmukat.fi\"> www.savelsilmukat.fi <\/a> <\/p>\n<p> Helk\u00e4htelevin terveisin Viihdehedelm\u00e4t. <\/p>\n<h3 id=\"Jouluinen hedelm\u00e4salaatti\"> Jouluinen hedelm\u00e4salaatti <\/h3>\n<p> Hei! <\/p>\n<p> Mist\u00e4 tuntee joulun? N\u00e4in kysyt\u00e4\u00e4n my\u00f6s er\u00e4\u00e4ss\u00e4 joululaulussa. Joulun voi tuntea monestakin asiasta. Voisiko yksi sellaisista olla herkullinen ja raikas musiikipitoinen joululauluhedelm\u00e4salaatti Viihdehedelmien seurassa? <\/p>\n<p> Viihdyt\u00e4mme yleis\u00f6\u00e4 mielell\u00e4mme pikkujouluissa, mutta my\u00f6s joulunpyhien aikaan Loppiaista unohtamatta. <\/p>\n<p> Py\u00f6r\u00e4yt\u00e4mme sopivan joululauluhedelm\u00e4salaatin vaikkapa ravintolan joulup\u00f6yt\u00e4\u00e4n tai kirkon jouluy\u00f6n messuun. <\/p>\n<p> Viihdehedelmien tunnin joululauluhedelm\u00e4salaatti maksaa 473 euroa + mahdolliset matkakulut. My\u00f6s pienempi\u00e4 tai suurempia cocktaileja on tarjolla. <\/p>\n<p> Kysele ihmeess\u00e4 lis\u00e4\u00e4.<br \/>\nViihdehedelmien yhteystiedot ovat:<br \/>\nMarianne N\u00e4r\u00e4nen<br \/>\nS-posti:<br \/>\nmarianne.k.naranen(at)gmail.com<br \/>\np. 0505724543<br \/>\nMira-maria Kuudanpaiste<br \/>\nS-posti: mm.huiski(at)gmail.com<br \/>\np. 0500970050 <\/p>\n<p><a href=\"https:\/\/www.savelsilmukat.fi\/wp-content\/uploads\/2024\/10\/Traileri-Viihdehedelmat.mp4\"> T\u00e4ss\u00e4 viel\u00e4 linkki Viihdehedelmien joululaulutraileriin <\/a><\/p>\n<p> Viihdehedelm\u00e4t toivottavat ihanaa joulunodotusaikaa! <\/p>\n<h3 id=\"\u00c4\u00e4nin\u00e4yttelij\u00e4 Mira-Maria Kuudanpaiste\"> \u00c4\u00e4nin\u00e4yttelij\u00e4 Mira-Maria Kuudanpaiste <\/h3>\n<p> Tarvitsetko el\u00e4v\u00f6ityst\u00e4 podcastiin tai radiomainokseen tai etsitk\u00f6 vivahteikkasta lukijaa lastenkirjaan? <\/p>\n<p> Olen \u00e4\u00e4nin\u00e4yttelij\u00e4 ja yksi vahvuuksistani on lapsiroolien n\u00e4ytteleminen. Osaan imitoida lapsia vauvai\u00e4st\u00e4 murrosik\u00e4\u00e4n. <\/p>\n<p> Ty\u00f6skentelen my\u00f6s laulajana ja muusikkona, joten n\u00e4it\u00e4 taitoja voin hy\u00f6dynt\u00e4\u00e4 radiomainoksissa ja podcasteissa ja tietysti my\u00f6s musikaaleissa. <\/p>\n<p> Jokainen projekti on oma seikkailunsa! <\/p>\n<h4> Kuinka toimin? <\/h4>\n<p> \u00c4\u00e4nin\u00e4yttelij\u00e4n\u00e4 minun teht\u00e4v\u00e4ni on tehd\u00e4 kuulijalle mielenkiintoinen,<br \/>\nkiinnostava ja hyvin kuunneltava toteutus.<br \/>\nTutustun huolella materiaaliin aina etuk\u00e4teen jaSamalla teen arvioinnin \u00e4\u00e4nitykseen tarvittavasta ajasta.<br \/>\nMateriaalin laajuus m\u00e4\u00e4rittelee hinnan. <\/p>\n<p> Ty\u00f6t\u00e4 voin tehd\u00e4 koti\u00e4\u00e4nityksin\u00e4 tai studiossa. T\u00e4st\u00e4 sovitaan aina<br \/>\nerikseen. <\/p>\n<h4> Referenssini erilaisissa \u00e4\u00e4nin\u00e4yttelij\u00e4n toteutuksissa <\/h4>\n<p> Lauluesitys Viihdehedelm\u00e4t-duomme Jyv\u00e4skyl\u00e4n keikalta. Piano ja taustalaulu Marianne N\u00e4r\u00e4nen. Itse siis laulan ja soitan poikkihuilua.<\/p>\n<p>Laulu on tuttu Kaj Chydeniuksen magdalena:<\/p>\n<p><a href=\"https:\/\/youtu.be\/OGAGKzPzypY?si=Ri0498QnFV-8XNgV\"> Magdalena &#8211; S\u00e4v. Kaj Chydenius \/\/ Viihdehedelm\u00e4t <\/a> <\/p>\n<p> Olen n\u00e4ytellyt useissa kuunnelmissa.<br \/>\nEsimerkiksi Anne Huttusen k\u00e4sikirjoittamissa ja ohjaamissa nettikuunnelmissa J\u00e4nn\u00e4rijoutsenet-harrastajaryhm\u00e4ss\u00e4. <\/p>\n<p> Olen mukana Sanna Lehtosen Levonmieli-yrityksen<br \/>\nSatusiivet-ryhm\u00e4ss\u00e4. Levonmielen sivuilta l\u00f6ytyy esim. Sanna<br \/>\nLehtosen kirjoittama joulukalenteri Peikko Pompomin<br \/>\njouluvalmistelupuuhista ja pari kes\u00e4ist\u00e4 Pompomin tarinaa.<\/p>\n<p><a href=\"https:\/\/youtube.com\/watch?v=BJitGNJ4I88&#038;feature=shared\"> Levonmielen Peikko pompomin joulukalenterin esittely <\/a> <\/p>\n<p> Olen my\u00f6s mukana N\u00e4k\u00f6vammaisten Liiton sivuilta l\u00f6ytyv\u00e4ss\u00e4 Riikka H\u00e4nnisen k\u00e4sikirjoittamassa seitsem\u00e4njaksoisessa podcast-sarjassa \u201dSeitsem\u00e4n supervoimaa\u201d<\/p>\n<p><a href=\"https:\/\/www.airutlehti.fi\/?s=seitsem%C3%A4n+supervoimaa\"> Seitsem\u00e4n Supervoimaa -podcast <\/a> <\/p>\n<p> Ole rohkeasti yhteydess\u00e4! Tehd\u00e4\u00e4n yhdess\u00e4 mielenkiintoinen projekti sinulle. <\/p>\n<h4> Yhteystietoni ovat: <\/h4>\n<p> Mira-Maria Kuudanpaiste<br \/>\nS-posti: mm.huiski(at)gmail.com<\/p>\n<p>p. 0500970050 <\/p>\n<h3 id=\"Levyni Sinivalkoinen Laulu\"> Levyni Sinivalkoinen Laulu <\/h3>\n<p> Heippis. <\/p>\n<p> T\u00e4m\u00e4 sopii vinkiksi vaikkapa lahjaksi yst\u00e4v\u00e4lle tai iloksi itsellesi. <\/p>\n<p> Vuonna 2001 teimme yhdess\u00e4 Taisto Wesslinin kanssa Sinivalkoinen Laulu -nimisen EP-levyn. Levyll\u00e4 on viisi laulua, joista yksi on vokaliisi eli sanaton laulu. <\/p>\n<p> Kaikki s\u00e4vellykset ovat Taisto Wesslinin ja sanoitukset Pia Perki\u00f6n ja Pauli Ylitalon. Levyll\u00e4 ovat mukana my\u00f6s Pentti Lasanen taustalauluissa ja kepa Kettunen rytmisoittimissa. <\/p>\n<p> N\u00e4it\u00e4 CD-levyj\u00e4 on minulla viel\u00e4 jonkin verran varastossa. CD-levyn hinta on 10 Euroa + mahdolliset postikulut. <\/p>\n<p> T\u00e4ss\u00e4 linkki \u201dSinivalkoinen laulu\u201d -levyn Pia Perki\u00f6n sanoittamaan H\u00e4\u00e4lauluun. S\u00e4vellys siis Taisto Wesslinin ja tietysti Taisto soittaa t\u00e4ss\u00e4 kitaraa. Olkaattten hyv\u00e4t.<\/p>\n<p><a href=\"https:\/\/youtu.be\/ilyfEj2qJyE\"> Mira-Maria -H\u00e4\u00e4laulu <\/a> <\/p>\n<p> Sinivalkoisin levyk\u00e4isterveisin Mira-maria Kuudanpaiste.<br \/>\nmm.huiski(at)gmail.com<br \/>\ntai puh. 0500970050 <\/p>\n","protected":false},"excerpt":{"rendered":"<p>Viihdehedelm\u00e4t LA CHANSON POUR TOI \u2013 LAULU SINULLE -KONSERTTI Jouluinen hedelm\u00e4salaatti \u00c4\u00e4nin\u00e4yttelij\u00e4 Mira-Maria Kuudanpaiste Levyni Sinivalkoinen laulu Helisev\u00e4 heippis sinulle! Toivon, ett\u00e4 viihdyt mira-maria.fi-verkkosivuillani. Laulu&hellip;<\/p>\n","protected":false},"author":1,"featured_media":0,"parent":0,"menu_order":0,"comment_status":"closed","ping_status":"open","template":"","meta":{"footnotes":""},"class_list":["post-2","page","type-page","status-publish","hentry"],"_links":{"self":[{"href":"https:\/\/mira-maria.fi\/index.php\/wp-json\/wp\/v2\/pages\/2","targetHints":{"allow":["GET"]}}],"collection":[{"href":"https:\/\/mira-maria.fi\/index.php\/wp-json\/wp\/v2\/pages"}],"about":[{"href":"https:\/\/mira-maria.fi\/index.php\/wp-json\/wp\/v2\/types\/page"}],"author":[{"embeddable":true,"href":"https:\/\/mira-maria.fi\/index.php\/wp-json\/wp\/v2\/users\/1"}],"replies":[{"embeddable":true,"href":"https:\/\/mira-maria.fi\/index.php\/wp-json\/wp\/v2\/comments?post=2"}],"version-history":[{"count":20,"href":"https:\/\/mira-maria.fi\/index.php\/wp-json\/wp\/v2\/pages\/2\/revisions"}],"predecessor-version":[{"id":40,"href":"https:\/\/mira-maria.fi\/index.php\/wp-json\/wp\/v2\/pages\/2\/revisions\/40"}],"wp:attachment":[{"href":"https:\/\/mira-maria.fi\/index.php\/wp-json\/wp\/v2\/media?parent=2"}],"curies":[{"name":"wp","href":"https:\/\/api.w.org\/{rel}","templated":true}]}}